{"id":91,"date":"2019-10-07T12:57:27","date_gmt":"2019-10-07T10:57:27","guid":{"rendered":"https:\/\/deborahfogal.com\/?page_id=91"},"modified":"2023-03-12T18:19:30","modified_gmt":"2023-03-12T17:19:30","slug":"about","status":"publish","type":"page","link":"https:\/\/deborahfogal.com\/en\/about\/","title":{"rendered":"ABOUT"},"content":{"rendered":"\n<div style=\"height:100px\" aria-hidden=\"true\" class=\"wp-block-spacer\"><\/div>\n\n\n\n<h2 class=\"wp-block-heading\" style=\"text-align:center\">BIOGRAPHY<\/h2>\n\n\n\n<div style=\"height:100px\" aria-hidden=\"true\" class=\"wp-block-spacer\"><\/div>\n\n\n\n<p class=\"has-text-color has-medium-font-size has-very-dark-gray-color\">Schon immer f\u00fcr den Gesang brennend, deb\u00fctierte die Z\u00fcrcher Sopranistin Deborah Fogal bereits als Jugendliche mit Bachs&nbsp;Kaffeekantate&nbsp;als Lieschen. 2014 wurde sie am Stadttheater St. Gallen als Jungf\u00fcchsin Schlaukopf f\u00fcr die Produktion&nbsp;Das schlaue F\u00fcchslein&nbsp;(Jan\u00e1\u010dek) engagiert. Im Winter 2016\/17 war Deborah Fogal in der Titelrolle der Oper&nbsp;Amahl und die n\u00e4chtlichen Besucher&nbsp;(Menotti) zu h\u00f6ren. Ihren Bachelor schloss sie bei Prof. Scot Weir ab. Ihr Projekt&nbsp;Der Schauspieldirektor, wo sie auch in der Rolle der Frau Herz zu h\u00f6ren war, wurde mit dem F\u00f6rderpreis 2017 der <a rel=\"noreferrer noopener\" aria-label=\"Z\u00fcrcher Hochschule der K\u00fcnste (\u00f6ffnet in neuem Tab)\" href=\"https:\/\/www.zhdk.ch\" target=\"_blank\">Z\u00fcrcher Hochschule der K\u00fcnste<\/a> ausgezeichnet.&nbsp;Derzeit befindet sie sich im Masterstudium an der ZHdK bei Prof. Lina Maria \u00c5kerlund und steht in der Schweiz und im nahen Ausland auf der B\u00fchne. H\u00f6hepunkte ihrer bisherigen s\u00e4ngerischen T\u00e4tigkeit bildeten Auff\u00fchrungen Mozarts&nbsp;Kr\u00f6nungsmesse, der Vesperae solennes de confessore, des Requiem und des Exultate Jubilates, der&nbsp;Weihnachtshistorie&nbsp;von Sch\u00fctz, der&nbsp;Missa Sanctissimae Trinitatis&nbsp;von Zelenka, Rossinis&nbsp;Petite messe solennelle, des&nbsp;Magnificats und diverser Kantaten von&nbsp;Bach sowie der Johannespassion.&nbsp;<\/p>\n\n\n\n<p class=\"has-text-color has-medium-font-size has-very-dark-gray-color\">Als ausgebildete P\u00e4dagogin, unterrichtet sie mit grossem Engagement am <a rel=\"noreferrer noopener\" aria-label=\" (\u00f6ffnet in neuem Tab)\" href=\"http:\/\/www.konservatorium.ch\/deborah-bernet\" target=\"_blank\">Konservatorium Winterthur<\/a>, an der <a href=\"https:\/\/www.kirchenmusik-sg.ch\/domsingschule\/leitung-team\/bernet-deborah\" target=\"_blank\" rel=\"noreferrer noopener\" aria-label=\"Domsingschule St. Gallen (\u00f6ffnet in neuem Tab)\">Domsingschule St. Gallen<\/a> und f\u00fchrt in Z\u00fcrich eine private Gesangsklasse.<\/p>\n","protected":false},"excerpt":{"rendered":"<p>BIOGRAPHY Schon immer f\u00fcr den Gesang brennend, deb\u00fctierte die Z\u00fcrcher Sopranistin Deborah Fogal bereits als Jugendliche mit Bachs&nbsp;Kaffeekantate&nbsp;als Lieschen. 2014 wurde sie am Stadttheater St. Gallen als Jungf\u00fcchsin Schlaukopf f\u00fcr [&hellip;]<\/p>\n","protected":false},"author":1,"featured_media":258,"parent":0,"menu_order":1,"comment_status":"closed","ping_status":"closed","template":"","meta":{"_EventAllDay":false,"_EventTimezone":"","_EventStartDate":"","_EventEndDate":"","_EventStartDateUTC":"","_EventEndDateUTC":"","_EventShowMap":false,"_EventShowMapLink":false,"_EventURL":"","_EventCost":"","_EventCostDescription":"","_EventCurrencySymbol":"","_EventCurrencyCode":"","_EventCurrencyPosition":"","_EventDateTimeSeparator":"","_EventTimeRangeSeparator":"","_EventOrganizerID":[],"_EventVenueID":[],"_OrganizerEmail":"","_OrganizerPhone":"","_OrganizerWebsite":"","_VenueAddress":"","_VenueCity":"","_VenueCountry":"","_VenueProvince":"","_VenueState":"","_VenueZip":"","_VenuePhone":"","_VenueURL":"","_VenueStateProvince":"","_VenueLat":"","_VenueLng":"","_VenueShowMap":false,"_VenueShowMapLink":false,"footnotes":""},"class_list":["post-91","page","type-page","status-publish","has-post-thumbnail","hentry"],"jetpack_shortlink":"https:\/\/wp.me\/PblVWI-1t","jetpack_sharing_enabled":true,"_links":{"self":[{"href":"https:\/\/deborahfogal.com\/en\/wp-json\/wp\/v2\/pages\/91","targetHints":{"allow":["GET"]}}],"collection":[{"href":"https:\/\/deborahfogal.com\/en\/wp-json\/wp\/v2\/pages"}],"about":[{"href":"https:\/\/deborahfogal.com\/en\/wp-json\/wp\/v2\/types\/page"}],"author":[{"embeddable":true,"href":"https:\/\/deborahfogal.com\/en\/wp-json\/wp\/v2\/users\/1"}],"replies":[{"embeddable":true,"href":"https:\/\/deborahfogal.com\/en\/wp-json\/wp\/v2\/comments?post=91"}],"version-history":[{"count":23,"href":"https:\/\/deborahfogal.com\/en\/wp-json\/wp\/v2\/pages\/91\/revisions"}],"predecessor-version":[{"id":6689,"href":"https:\/\/deborahfogal.com\/en\/wp-json\/wp\/v2\/pages\/91\/revisions\/6689"}],"wp:featuredmedia":[{"embeddable":true,"href":"https:\/\/deborahfogal.com\/en\/wp-json\/wp\/v2\/media\/258"}],"wp:attachment":[{"href":"https:\/\/deborahfogal.com\/en\/wp-json\/wp\/v2\/media?parent=91"}],"curies":[{"name":"wp","href":"https:\/\/api.w.org\/{rel}","templated":true}]}}